{"id":51,"date":"2025-10-16T12:00:35","date_gmt":"2025-10-16T10:00:35","guid":{"rendered":"https:\/\/pfrancois78.synology.me:35443\/wordpress\/?page_id=51"},"modified":"2025-10-21T16:05:19","modified_gmt":"2025-10-21T14:05:19","slug":"inscription-echo","status":"publish","type":"page","link":"https:\/\/echo-creche.fr\/?page_id=51","title":{"rendered":"Inscription Echo"},"content":{"rendered":"\t\t<div data-elementor-type=\"wp-page\" data-elementor-id=\"51\" class=\"elementor elementor-51\">\n\t\t\t\t<div class=\"elementor-element elementor-element-3fa17a4 e-flex e-con-boxed e-con e-parent\" data-id=\"3fa17a4\" data-element_type=\"container\">\n\t\t\t\t\t<div class=\"e-con-inner\">\n\t\t\t\t<div class=\"elementor-element elementor-element-5dfa192 elementor-widget elementor-widget-shortcode\" data-id=\"5dfa192\" data-element_type=\"widget\" data-widget_type=\"shortcode.default\">\n\t\t\t\t\t\t\t<div class=\"elementor-shortcode\">\n<div class=\"um um-register um-50\">\n\t<div class=\"um-form\" data-mode=\"register\">\n\t\t<form method=\"post\" action=\"\">\n\t\t\t<div class=\"um-row _um_row_1 \" style=\"margin: 0 0 30px 0;\"><div class=\"um-col-1\"><div  id=\"um_field_50_first_name\" class=\"um-field um-field-text  um-field-first_name um-field-text um-field-type_text\" data-key=\"first_name\"><div class=\"um-field-label\"><label for=\"first_name-50\">Pr\u00e9nom<\/label><div class=\"um-clear\"><\/div><\/div><div class=\"um-field-area\"><input  autocomplete=\"off\" class=\"um-form-field valid \" type=\"text\" name=\"first_name-50\" id=\"first_name-50\" value=\"\" placeholder=\"\" data-validate=\"\" data-key=\"first_name\"  aria-invalid=\"false\" \/>\n\n\t\t\t\t\t\t<\/div><\/div><div  id=\"um_field_50_last_name\" class=\"um-field um-field-text  um-field-last_name um-field-text um-field-type_text\" data-key=\"last_name\"><div class=\"um-field-label\"><label for=\"last_name-50\">Nom<\/label><div class=\"um-clear\"><\/div><\/div><div class=\"um-field-area\"><input  autocomplete=\"off\" class=\"um-form-field valid \" type=\"text\" name=\"last_name-50\" id=\"last_name-50\" value=\"\" placeholder=\"\" data-validate=\"\" data-key=\"last_name\"  aria-invalid=\"false\" \/>\n\n\t\t\t\t\t\t<\/div><\/div><div  id=\"um_field_50_user_email\" class=\"um-field um-field-text  um-field-user_email um-field-text um-field-type_text\" data-key=\"user_email\"><div class=\"um-field-label\"><label for=\"user_email-50\">Adresse e-mail<\/label><div class=\"um-clear\"><\/div><\/div><div class=\"um-field-area\"><input  autocomplete=\"off\" class=\"um-form-field valid \" type=\"text\" name=\"user_email-50\" id=\"user_email-50\" value=\"\" placeholder=\"\" data-validate=\"unique_email\" data-key=\"user_email\"  aria-invalid=\"false\" \/>\n\n\t\t\t\t\t\t<\/div><\/div><div  id=\"um_field_50_phone_number\" class=\"um-field um-field-tel  um-field-phone_number um-field-tel um-field-type_tel\" data-key=\"phone_number\"><div class=\"um-field-label\"><div class=\"um-field-label-icon\"><i class=\"fas fa-phone\" aria-label=\"Num\u00e9ro de t\u00e9l\u00e9phone\"><\/i><\/div><label for=\"phone_number-50\">Num\u00e9ro de t\u00e9l\u00e9phone<\/label><div class=\"um-clear\"><\/div><\/div><div class=\"um-field-area\"><input  autocomplete=\"off\" class=\"um-form-field valid \" type=\"tel\" name=\"phone_number-50\" id=\"phone_number-50\" value=\"\" placeholder=\"\" data-validate=\"phone_number\" data-key=\"phone_number\"  aria-invalid=\"false\" \/>\n\n\t\t\t\t\t\t<\/div><\/div><\/div><\/div><div class=\"um-row _um_row_2 \" style=\"margin: 0 0 30px 0;\"><div class=\"um-col-1\"><div  id=\"um_field_50_echo_nom_enfant\" class=\"um-field um-field-text  um-field-echo_nom_enfant um-field-text um-field-type_text\" data-key=\"echo_nom_enfant\"><div class=\"um-field-label\"><label for=\"echo_nom_enfant-50\">Nom enfant<\/label><span class=\"um-tip um-tip-w\" title=\"Entrer le nom de l&#039;enfant\"><i class=\"um-icon-help-circled\"><\/i><\/span><div class=\"um-clear\"><\/div><\/div><div class=\"um-field-area\"><input  autocomplete=\"off\" class=\"um-form-field valid \" type=\"text\" name=\"echo_nom_enfant-50\" id=\"echo_nom_enfant-50\" value=\"\" placeholder=\"\" data-validate=\"\" data-key=\"echo_nom_enfant\"  aria-invalid=\"false\" \/>\n\n\t\t\t\t\t\t<\/div><\/div><div  id=\"um_field_50_echo_prenom_enfant\" class=\"um-field um-field-text  um-field-echo_prenom_enfant um-field-text um-field-type_text\" data-key=\"echo_prenom_enfant\"><div class=\"um-field-label\"><label for=\"echo_prenom_enfant-50\">Pr\u00e9nom enfant<\/label><span class=\"um-tip um-tip-w\" title=\"Entrer le pr\u00e9nom de l&#039;enfant\"><i class=\"um-icon-help-circled\"><\/i><\/span><div class=\"um-clear\"><\/div><\/div><div class=\"um-field-area\"><input  autocomplete=\"off\" class=\"um-form-field valid \" type=\"text\" name=\"echo_prenom_enfant-50\" id=\"echo_prenom_enfant-50\" value=\"\" placeholder=\"\" data-validate=\"\" data-key=\"echo_prenom_enfant\"  aria-invalid=\"false\" \/>\n\n\t\t\t\t\t\t<\/div><\/div><div  id=\"um_field_50_birth_date\" class=\"um-field um-field-date  um-field-birth_date um-field-date um-field-type_date\" data-key=\"birth_date\"><div class=\"um-field-label\"><div class=\"um-field-label-icon\"><i class=\"far fa-calendar-days\" aria-label=\"Date de naissance\"><\/i><\/div><label for=\"birth_date-50\">Date de naissance<\/label><div class=\"um-clear\"><\/div><\/div><div class=\"um-field-area\"><input   class=\"um-form-field valid um-datepicker \" type=\"text\" name=\"birth_date-50\" id=\"birth_date-50\" value=\"\" placeholder=\"\" data-validate=\"\" data-key=\"birth_date\" data-range=\"years\" data-years=\"115\" data-years_x=\"past\" data-disabled_weekdays=\"\" data-date_min=\"1911,4,07\" data-date_max=\"2026,4,07\" data-format=\"d mmm yyyy\" data-value=\"\"  aria-invalid=\"false\" \/>\n\n\t\t\t\t\t\t<\/div><\/div><div  id=\"um_field_50_echo_ville\" class=\"um-field um-field-select  um-field-echo_ville um-field-select um-field-type_select\" data-key=\"echo_ville\"><div class=\"um-field-label\"><label for=\"echo_ville-50\">Ville<\/label><span class=\"um-tip um-tip-w\" title=\"Entrer la ville\"><i class=\"um-icon-help-circled\"><\/i><\/span><div class=\"um-clear\"><\/div><\/div><div class=\"um-field-area  \"><select data-default=\"\"     name=\"echo_ville\" id=\"echo_ville\" data-validate=\"\" data-key=\"echo_ville\" class=\"um-form-field valid um-s1 \" style=\"width: 100%\" data-placeholder=\"\"   aria-invalid=\"false\" ><option value=\"\"><\/option><option value=\"Rennes\" >Rennes<\/option><option value=\"Melesse\" >Melesse<\/option><option value=\"Cesson-S\u00e9vign\u00e9\" >Cesson-S\u00e9vign\u00e9<\/option><\/select><\/div><\/div><div  id=\"um_field_50_echo_creche\" class=\"um-field um-field-select  um-field-echo_creche um-field-select um-field-type_select\" data-key=\"echo_creche\"><div class=\"um-field-label\"><label for=\"echo_creche-50\">Cr\u00e8che<\/label><span class=\"um-tip um-tip-w\" title=\"Entrer la cr\u00e8che\"><i class=\"um-icon-help-circled\"><\/i><\/span><div class=\"um-clear\"><\/div><\/div><div class=\"um-field-area  \"><select data-default=\"\"     name=\"echo_creche\" id=\"echo_creche\" data-validate=\"\" data-key=\"echo_creche\" class=\"um-form-field valid um-s1 \" style=\"width: 100%\" data-placeholder=\"\"   aria-invalid=\"false\" ><option value=\"\"><\/option><option value=\"Cr\u00e8che&#039;n&#039;do Rennes Thabor\" >Cr\u00e8che&#039;n&#039;do Rennes Thabor<\/option><option value=\"Cr\u00e8che&#039;n&#039;do Rennes Nord \/ Saint Martin\" >Cr\u00e8che&#039;n&#039;do Rennes Nord \/ Saint Martin<\/option><option value=\"Cr\u00e8che&#039;n&#039;do Rennes Foug\u00e8res\" >Cr\u00e8che&#039;n&#039;do Rennes Foug\u00e8res<\/option><option value=\"Cr\u00e8che&#039;n&#039;do Rennes Jean Mac\u00e9\" >Cr\u00e8che&#039;n&#039;do Rennes Jean Mac\u00e9<\/option><option value=\"Cr\u00e8che&#039;n&#039;do Rennes Tour d&#039;Auvergne\" >Cr\u00e8che&#039;n&#039;do Rennes Tour d&#039;Auvergne<\/option><option value=\"Cr\u00e8che&#039;n&#039;do Melesse Cap Malo\" >Cr\u00e8che&#039;n&#039;do Melesse Cap Malo<\/option><option value=\"Cr\u00e8che&#039;n&#039;do Cesson-S\u00e9vign\u00e9 Bray\" >Cr\u00e8che&#039;n&#039;do Cesson-S\u00e9vign\u00e9 Bray<\/option><option value=\"Cr\u00e8che&#039;n&#039;do Cesson-S\u00e9vign\u00e9 Via Silva\" >Cr\u00e8che&#039;n&#039;do Cesson-S\u00e9vign\u00e9 Via Silva<\/option><\/select><\/div><\/div><\/div><\/div><div class=\"um-row _um_row_3 \" style=\"margin: 0 0 30px 0;\"><div class=\"um-col-1\"><div  id=\"um_field_50_echo_mentions_legales\" class=\"um-field um-field-checkbox  um-field-echo_mentions_legales um-field-checkbox um-field-type_checkbox\" data-key=\"echo_mentions_legales\"  aria-invalid=\"false\" ><div class=\"um-field-label\"><label for=\"echo_mentions_legales-50\">Mentions l\u00e9gales<\/label><div class=\"um-clear\"><\/div><\/div><div class=\"um-field-area\"><label class=\"um-field-checkbox  um-field-half \"><input   type=\"checkbox\" name=\"echo_mentions_legales[]\" value=\"En m&#039;inscrivant, j\u2019accepte les conditions d&#039;utilisation du service et les mentions l\u00e9gales\"  \/><span class=\"um-field-checkbox-state\"><i class=\"um-icon-android-checkbox-outline-blank\"><\/i><\/span><span class=\"um-field-checkbox-option\">En m&#039;inscrivant, j\u2019accepte les conditions d&#039;utilisation du service et les mentions l\u00e9gales<\/span><\/label><div class=\"um-clear\"><\/div><\/div><\/div><\/div><\/div>\t<input type=\"hidden\" name=\"form_id\" id=\"form_id_50\" value=\"50\" \/>\n\t\t<p class=\"um_request_name\">\n\t\t<label for=\"um_request_50\">Only fill in if you are not human<\/label>\n\t\t<input type=\"hidden\" name=\"um_request\" id=\"um_request_50\" class=\"input\" value=\"\" size=\"25\" autocomplete=\"off\" \/>\n\t<\/p>\n\t<input type=\"hidden\" id=\"_wpnonce\" name=\"_wpnonce\" value=\"a0cfc6c640\" \/><input type=\"hidden\" name=\"_wp_http_referer\" value=\"\/index.php?rest_route=%2Fwp%2Fv2%2Fpages%2F51\" \/>\n\t<div class=\"um-col-alt\">\n\n\t\t\n\t\t\t<div class=\"um-center\">\n\t\t\t\t<input type=\"submit\" value=\"S\u2019inscrire\" class=\"um-button\" id=\"um-submit-btn\" \/>\n\t\t\t<\/div>\n\n\t\t\n\t\t<div class=\"um-clear\"><\/div>\n\n\t<\/div>\n\n\t\t\t<\/form>\n\t<\/div>\n<\/div>\n<style>\n\t\t\t.um-50.um {\n\t\t\tmax-width: 450px;\n\t\t}\n\t\t<\/style>\n<\/div>\n\t\t\t\t\t\t<\/div>\n\t\t\t\t<div class=\"elementor-element elementor-element-c87feb6 elementor-widget elementor-widget-heading\" data-id=\"c87feb6\" data-element_type=\"widget\" data-widget_type=\"heading.default\">\n\t\t\t\t\t<h2 class=\"elementor-heading-title elementor-size-default\"><a href=\"\/?p=34\">Acc\u00e8s aux mentions l\u00e9gales<\/a><\/h2>\t\t\t\t<\/div>\n\t\t\t\t\t<\/div>\n\t\t\t\t<\/div>\n\t\t\t\t<\/div>\n\t\t","protected":false},"excerpt":{"rendered":"<p>Acc\u00e8s aux mentions l\u00e9gales<\/p>\n","protected":false},"author":1,"featured_media":0,"parent":0,"menu_order":0,"comment_status":"closed","ping_status":"closed","template":"","meta":{"_eb_attr":"","ocean_post_layout":"","ocean_both_sidebars_style":"","ocean_both_sidebars_content_width":0,"ocean_both_sidebars_sidebars_width":0,"ocean_sidebar":"","ocean_second_sidebar":"","ocean_disable_margins":"enable","ocean_add_body_class":"","ocean_shortcode_before_top_bar":"","ocean_shortcode_after_top_bar":"","ocean_shortcode_before_header":"","ocean_shortcode_after_header":"","ocean_has_shortcode":"","ocean_shortcode_after_title":"","ocean_shortcode_before_footer_widgets":"","ocean_shortcode_after_footer_widgets":"","ocean_shortcode_before_footer_bottom":"","ocean_shortcode_after_footer_bottom":"","ocean_display_top_bar":"default","ocean_display_header":"default","ocean_header_style":"","ocean_center_header_left_menu":"","ocean_custom_header_template":"","ocean_custom_logo":0,"ocean_custom_retina_logo":0,"ocean_custom_logo_max_width":0,"ocean_custom_logo_tablet_max_width":0,"ocean_custom_logo_mobile_max_width":0,"ocean_custom_logo_max_height":0,"ocean_custom_logo_tablet_max_height":0,"ocean_custom_logo_mobile_max_height":0,"ocean_header_custom_menu":"","ocean_menu_typo_font_family":"","ocean_menu_typo_font_subset":"","ocean_menu_typo_font_size":0,"ocean_menu_typo_font_size_tablet":0,"ocean_menu_typo_font_size_mobile":0,"ocean_menu_typo_font_size_unit":"px","ocean_menu_typo_font_weight":"","ocean_menu_typo_font_weight_tablet":"","ocean_menu_typo_font_weight_mobile":"","ocean_menu_typo_transform":"","ocean_menu_typo_transform_tablet":"","ocean_menu_typo_transform_mobile":"","ocean_menu_typo_line_height":0,"ocean_menu_typo_line_height_tablet":0,"ocean_menu_typo_line_height_mobile":0,"ocean_menu_typo_line_height_unit":"","ocean_menu_typo_spacing":0,"ocean_menu_typo_spacing_tablet":0,"ocean_menu_typo_spacing_mobile":0,"ocean_menu_typo_spacing_unit":"","ocean_menu_link_color":"","ocean_menu_link_color_hover":"","ocean_menu_link_color_active":"","ocean_menu_link_background":"","ocean_menu_link_hover_background":"","ocean_menu_link_active_background":"","ocean_menu_social_links_bg":"","ocean_menu_social_hover_links_bg":"","ocean_menu_social_links_color":"","ocean_menu_social_hover_links_color":"","ocean_disable_title":"default","ocean_disable_heading":"default","ocean_post_title":"","ocean_post_subheading":"","ocean_post_title_style":"","ocean_post_title_background_color":"","ocean_post_title_background":0,"ocean_post_title_bg_image_position":"","ocean_post_title_bg_image_attachment":"","ocean_post_title_bg_image_repeat":"","ocean_post_title_bg_image_size":"","ocean_post_title_height":0,"ocean_post_title_bg_overlay":0.5,"ocean_post_title_bg_overlay_color":"","ocean_disable_breadcrumbs":"default","ocean_breadcrumbs_color":"","ocean_breadcrumbs_separator_color":"","ocean_breadcrumbs_links_color":"","ocean_breadcrumbs_links_hover_color":"","ocean_display_footer_widgets":"default","ocean_display_footer_bottom":"default","ocean_custom_footer_template":"","footnotes":""},"class_list":["post-51","page","type-page","status-publish","hentry","entry"],"_links":{"self":[{"href":"https:\/\/echo-creche.fr\/index.php?rest_route=\/wp\/v2\/pages\/51","targetHints":{"allow":["GET"]}}],"collection":[{"href":"https:\/\/echo-creche.fr\/index.php?rest_route=\/wp\/v2\/pages"}],"about":[{"href":"https:\/\/echo-creche.fr\/index.php?rest_route=\/wp\/v2\/types\/page"}],"author":[{"embeddable":true,"href":"https:\/\/echo-creche.fr\/index.php?rest_route=\/wp\/v2\/users\/1"}],"replies":[{"embeddable":true,"href":"https:\/\/echo-creche.fr\/index.php?rest_route=%2Fwp%2Fv2%2Fcomments&post=51"}],"version-history":[{"count":16,"href":"https:\/\/echo-creche.fr\/index.php?rest_route=\/wp\/v2\/pages\/51\/revisions"}],"predecessor-version":[{"id":286,"href":"https:\/\/echo-creche.fr\/index.php?rest_route=\/wp\/v2\/pages\/51\/revisions\/286"}],"wp:attachment":[{"href":"https:\/\/echo-creche.fr\/index.php?rest_route=%2Fwp%2Fv2%2Fmedia&parent=51"}],"curies":[{"name":"wp","href":"https:\/\/api.w.org\/{rel}","templated":true}]}}